{"id":754,"date":"2023-12-26T15:07:39","date_gmt":"2023-12-26T18:07:39","guid":{"rendered":"https:\/\/morandi.com.br\/site\/?page_id=754"},"modified":"2023-12-26T16:44:44","modified_gmt":"2023-12-26T19:44:44","slug":"prefeitura-municipal-de-balneario-pinhal","status":"publish","type":"page","link":"https:\/\/morandi.com.br\/site\/index.php\/obras\/prefeitura-municipal-de-balneario-pinhal\/","title":{"rendered":"Prefeitura Municipal de Balne\u00e1rio Pinhal"},"content":{"rendered":"\n<p>Drenagem e Pavimenta\u00e7\u00e3o em blocos intertravados da Avenida Atl\u00e2ntico (Orla de Magist\u00e9rio).<\/p>\n\n\n\n<p><\/p>\n\n\n\n<ul class=\"wp-block-list\">\n<li>Escava\u00e7\u00e3o mec\u00e2nica: 10.934m\u00b2<\/li>\n\n\n\n<li>Regulariza\u00e7\u00e3o e compacta\u00e7\u00e3o de subleito;<\/li>\n\n\n\n<li>Pavimenta\u00e7\u00e3o em blocos de concretos;<\/li>\n\n\n\n<li>Sinaliza\u00e7\u00e3o vi\u00e1ria horizontal e vertical;<\/li>\n\n\n\n<li>Passeios e rampas de\u00a0acessibilidade.<\/li>\n<\/ul>\n\n\n\n<figure class=\"wp-block-gallery has-nested-images columns-default is-cropped wp-block-gallery-1 is-layout-flex wp-block-gallery-is-layout-flex\">\n<figure class=\"wp-block-image size-large\"><img loading=\"lazy\" decoding=\"async\" width=\"721\" height=\"500\" data-id=\"796\" src=\"https:\/\/morandi.com.br\/site\/wp-content\/uploads\/2023\/12\/obras_morandi_balneario_pinhal_1.jpg\" alt=\"\" class=\"wp-image-796\" srcset=\"https:\/\/morandi.com.br\/site\/wp-content\/uploads\/2023\/12\/obras_morandi_balneario_pinhal_1.jpg 721w, https:\/\/morandi.com.br\/site\/wp-content\/uploads\/2023\/12\/obras_morandi_balneario_pinhal_1-300x208.jpg 300w\" sizes=\"auto, (max-width: 721px) 100vw, 721px\" \/><\/figure>\n\n\n\n<figure class=\"wp-block-image size-large\"><img loading=\"lazy\" decoding=\"async\" width=\"721\" height=\"500\" data-id=\"797\" src=\"https:\/\/morandi.com.br\/site\/wp-content\/uploads\/2023\/12\/obras_morandi_balneario_pinhal_2.jpg\" alt=\"\" class=\"wp-image-797\" srcset=\"https:\/\/morandi.com.br\/site\/wp-content\/uploads\/2023\/12\/obras_morandi_balneario_pinhal_2.jpg 721w, https:\/\/morandi.com.br\/site\/wp-content\/uploads\/2023\/12\/obras_morandi_balneario_pinhal_2-300x208.jpg 300w\" sizes=\"auto, (max-width: 721px) 100vw, 721px\" \/><\/figure>\n\n\n\n<figure class=\"wp-block-image size-large\"><img loading=\"lazy\" decoding=\"async\" width=\"721\" height=\"500\" data-id=\"798\" src=\"https:\/\/morandi.com.br\/site\/wp-content\/uploads\/2023\/12\/obras_morandi_balneario_pinhal_3.jpg\" alt=\"\" class=\"wp-image-798\" srcset=\"https:\/\/morandi.com.br\/site\/wp-content\/uploads\/2023\/12\/obras_morandi_balneario_pinhal_3.jpg 721w, https:\/\/morandi.com.br\/site\/wp-content\/uploads\/2023\/12\/obras_morandi_balneario_pinhal_3-300x208.jpg 300w\" sizes=\"auto, (max-width: 721px) 100vw, 721px\" \/><\/figure>\n\n\n\n<figure class=\"wp-block-image size-large\"><img loading=\"lazy\" decoding=\"async\" width=\"721\" height=\"500\" data-id=\"799\" src=\"https:\/\/morandi.com.br\/site\/wp-content\/uploads\/2023\/12\/obras_morandi_balneario_pinhal_4.jpg\" alt=\"\" class=\"wp-image-799\" srcset=\"https:\/\/morandi.com.br\/site\/wp-content\/uploads\/2023\/12\/obras_morandi_balneario_pinhal_4.jpg 721w, https:\/\/morandi.com.br\/site\/wp-content\/uploads\/2023\/12\/obras_morandi_balneario_pinhal_4-300x208.jpg 300w\" sizes=\"auto, (max-width: 721px) 100vw, 721px\" \/><\/figure>\n<\/figure>\n","protected":false},"excerpt":{"rendered":"<p>Drenagem e Pavimenta\u00e7\u00e3o em blocos intertravados da Avenida Atl\u00e2ntico (Orla de Magist\u00e9rio).<\/p>\n","protected":false},"author":1,"featured_media":0,"parent":257,"menu_order":0,"comment_status":"closed","ping_status":"closed","template":"","meta":{"footnotes":""},"class_list":["post-754","page","type-page","status-publish","hentry"],"_links":{"self":[{"href":"https:\/\/morandi.com.br\/site\/index.php\/wp-json\/wp\/v2\/pages\/754","targetHints":{"allow":["GET"]}}],"collection":[{"href":"https:\/\/morandi.com.br\/site\/index.php\/wp-json\/wp\/v2\/pages"}],"about":[{"href":"https:\/\/morandi.com.br\/site\/index.php\/wp-json\/wp\/v2\/types\/page"}],"author":[{"embeddable":true,"href":"https:\/\/morandi.com.br\/site\/index.php\/wp-json\/wp\/v2\/users\/1"}],"replies":[{"embeddable":true,"href":"https:\/\/morandi.com.br\/site\/index.php\/wp-json\/wp\/v2\/comments?post=754"}],"version-history":[{"count":5,"href":"https:\/\/morandi.com.br\/site\/index.php\/wp-json\/wp\/v2\/pages\/754\/revisions"}],"predecessor-version":[{"id":802,"href":"https:\/\/morandi.com.br\/site\/index.php\/wp-json\/wp\/v2\/pages\/754\/revisions\/802"}],"up":[{"embeddable":true,"href":"https:\/\/morandi.com.br\/site\/index.php\/wp-json\/wp\/v2\/pages\/257"}],"wp:attachment":[{"href":"https:\/\/morandi.com.br\/site\/index.php\/wp-json\/wp\/v2\/media?parent=754"}],"curies":[{"name":"wp","href":"https:\/\/api.w.org\/{rel}","templated":true}]}}