{"id":659,"date":"2023-09-27T17:57:04","date_gmt":"2023-09-27T20:57:04","guid":{"rendered":"https:\/\/morandi.com.br\/site\/?page_id=659"},"modified":"2023-09-27T18:03:48","modified_gmt":"2023-09-27T21:03:48","slug":"corsan-companhia-riograndense-de-saneamento","status":"publish","type":"page","link":"https:\/\/morandi.com.br\/site\/index.php\/obras\/corsan-companhia-riograndense-de-saneamento\/","title":{"rendered":"CORSAN &#8211; Companhia Riograndense de Saneamento"},"content":{"rendered":"\n<h2 class=\"wp-block-heading\">Obras da CORSAN em Gua\u00edba<\/h2>\n\n\n\n<p>Saneamento &#8211; Execu\u00e7\u00e3o das Redes Coletoras das Bacias 0, 09, 11 e 12, Esta\u00e7\u00f5es de Bombeamento de Esgoto &#8211; EBE 01, 02 e 03 e Emiss\u00e1rios por Recalque 01, 02 e 03, na localidade de Gua\u00edba\/RS<\/p>\n\n\n\n<p>EBE 1 \u2013 Execu\u00e7\u00e3o de 356,50 m\u00b2 de parede diafragma para conten\u00e7\u00e3o do len\u00e7ol fre\u00e1tico. Execu\u00e7\u00e3o de estrutura e 112 m\u00b3 de concreto armado, instala\u00e7\u00f5es el\u00e9tricas e montagem mec\u00e2nica.<\/p>\n\n\n\n<p>EBE 2 \u2013 Detona\u00e7\u00e3o com uso de explosivo de 772,90 m\u00b3 de rocha. Execu\u00e7\u00e3o de estrutura e 119 m\u00b3 de concreto armado, instala\u00e7\u00f5es el\u00e9tricas e montagem mec\u00e2nica.<\/p>\n\n\n\n<p>EBE 3 \u2013 Execu\u00e7\u00e3o de JetGrout para conten\u00e7\u00e3o do len\u00e7ol fre\u00e1tico. Execu\u00e7\u00e3o de estrutura e 573 m\u00b3 de concreto armado, instala\u00e7\u00f5es el\u00e9tricas, substa\u00e7\u00e3o e montagem mec\u00e2nica.<\/p>\n\n\n\n<p>Redes Coletoras \u2013 Execu\u00e7\u00e3o de 24.725 m de rede coletora de esgoto em tubula\u00e7\u00e3o de Pvc e concreto.<\/p>\n\n\n\n<p>Emiss\u00e1rio por Recalque &#8211; Execu\u00e7\u00e3o de 6.698,80 m de emiss\u00e1rio por recalque em tubula\u00e7\u00e3o de concreto e ferro fundido. Executado travessia para cruzamento de rede por baixo da BR pelo m\u00e9todo de perfura\u00e7\u00e3o direcional MND-DE 560.<\/p>\n\n\n\n<figure class=\"wp-block-gallery has-nested-images columns-default is-cropped wp-block-gallery-1 is-layout-flex wp-block-gallery-is-layout-flex\">\n<figure class=\"wp-block-image size-large\"><img loading=\"lazy\" decoding=\"async\" width=\"493\" height=\"370\" data-id=\"662\" src=\"https:\/\/morandi.com.br\/site\/wp-content\/uploads\/2023\/09\/corsan-saneamento-1-1.jpg\" alt=\"\" class=\"wp-image-662\" srcset=\"https:\/\/morandi.com.br\/site\/wp-content\/uploads\/2023\/09\/corsan-saneamento-1-1.jpg 493w, https:\/\/morandi.com.br\/site\/wp-content\/uploads\/2023\/09\/corsan-saneamento-1-1-300x225.jpg 300w\" sizes=\"auto, (max-width: 493px) 100vw, 493px\" \/><\/figure>\n\n\n\n<figure class=\"wp-block-image size-large\"><img loading=\"lazy\" decoding=\"async\" width=\"493\" height=\"370\" data-id=\"663\" src=\"https:\/\/morandi.com.br\/site\/wp-content\/uploads\/2023\/09\/corsan-saneamento-2-1.jpg\" alt=\"\" class=\"wp-image-663\" srcset=\"https:\/\/morandi.com.br\/site\/wp-content\/uploads\/2023\/09\/corsan-saneamento-2-1.jpg 493w, https:\/\/morandi.com.br\/site\/wp-content\/uploads\/2023\/09\/corsan-saneamento-2-1-300x225.jpg 300w\" sizes=\"auto, (max-width: 493px) 100vw, 493px\" \/><\/figure>\n<\/figure>\n\n\n\n<p><\/p>\n\n\n\n<figure class=\"wp-block-gallery has-nested-images columns-default is-cropped wp-block-gallery-2 is-layout-flex wp-block-gallery-is-layout-flex\">\n<figure class=\"wp-block-image size-large\"><img loading=\"lazy\" decoding=\"async\" width=\"493\" height=\"370\" data-id=\"665\" src=\"https:\/\/morandi.com.br\/site\/wp-content\/uploads\/2023\/09\/corsan-guaiba-saneamento-estacoes-de-bombeamento-de-esgoto-projeto-EBE-1-e-EBE-2-1.jpg\" alt=\"\" class=\"wp-image-665\" srcset=\"https:\/\/morandi.com.br\/site\/wp-content\/uploads\/2023\/09\/corsan-guaiba-saneamento-estacoes-de-bombeamento-de-esgoto-projeto-EBE-1-e-EBE-2-1.jpg 493w, https:\/\/morandi.com.br\/site\/wp-content\/uploads\/2023\/09\/corsan-guaiba-saneamento-estacoes-de-bombeamento-de-esgoto-projeto-EBE-1-e-EBE-2-1-300x225.jpg 300w\" sizes=\"auto, (max-width: 493px) 100vw, 493px\" \/><\/figure>\n\n\n\n<figure class=\"wp-block-image size-large\"><img loading=\"lazy\" decoding=\"async\" width=\"493\" height=\"370\" data-id=\"664\" src=\"https:\/\/morandi.com.br\/site\/wp-content\/uploads\/2023\/09\/corsan-guaiba-saneamento-estacoes-de-bombeamento-de-esgoto-projeto-EBE-3-1.jpg\" alt=\"\" class=\"wp-image-664\" srcset=\"https:\/\/morandi.com.br\/site\/wp-content\/uploads\/2023\/09\/corsan-guaiba-saneamento-estacoes-de-bombeamento-de-esgoto-projeto-EBE-3-1.jpg 493w, https:\/\/morandi.com.br\/site\/wp-content\/uploads\/2023\/09\/corsan-guaiba-saneamento-estacoes-de-bombeamento-de-esgoto-projeto-EBE-3-1-300x225.jpg 300w\" sizes=\"auto, (max-width: 493px) 100vw, 493px\" \/><\/figure>\n<\/figure>\n\n\n\n<h2 class=\"wp-block-heading\">Obras da CORSAN em Triunfo<\/h2>\n\n\n\n<p>Saneamento: Aterro Sanit\u00e1rio no Polo de Triunfo\/RS<\/p>\n\n\n\n<p>Aterro Sanit\u00e1rio e obras em terraplanagem no polo de Triunfo\/RS.<\/p>\n\n\n\n<p>Constru\u00e7\u00e3o de um aterro sanit\u00e1rio positivo sobre a c\u00e9lula 2 e sistema de drenagem de efluentes denominada c\u00e9lula 2 A.<\/p>\n\n\n\n<p>As dimens\u00f5es m\u00e9dias da c\u00e9lula 2A s\u00e3o: 36 m de largura, 55 m de comprimento, 2,5 m altura do talude lateral e 3,0 m de altura dos res\u00edduos, totalizando um volume \u00fatil de 6.960 m3.<\/p>\n\n\n\n<figure class=\"wp-block-gallery has-nested-images columns-default is-cropped wp-block-gallery-3 is-layout-flex wp-block-gallery-is-layout-flex\">\n<figure class=\"wp-block-image size-large\"><img loading=\"lazy\" decoding=\"async\" width=\"297\" height=\"213\" data-id=\"667\" src=\"https:\/\/morandi.com.br\/site\/wp-content\/uploads\/2023\/09\/corsan-polo-de-triunfo-aterro-sanitario-1-2.jpg\" alt=\"\" class=\"wp-image-667\"\/><\/figure>\n\n\n\n<figure class=\"wp-block-image size-large\"><img loading=\"lazy\" decoding=\"async\" width=\"297\" height=\"213\" data-id=\"666\" src=\"https:\/\/morandi.com.br\/site\/wp-content\/uploads\/2023\/09\/corsan-polo-de-triunfo-aterro-sanitario-2-2.jpg\" alt=\"\" class=\"wp-image-666\"\/><\/figure>\n\n\n\n<figure class=\"wp-block-image size-large\"><img loading=\"lazy\" decoding=\"async\" width=\"297\" height=\"213\" data-id=\"668\" src=\"https:\/\/morandi.com.br\/site\/wp-content\/uploads\/2023\/09\/corsan-polo-de-triunfo-aterro-sanitario-3-2.jpg\" alt=\"\" class=\"wp-image-668\"\/><\/figure>\n<\/figure>\n","protected":false},"excerpt":{"rendered":"<p>Obras da CORSAN em Gua\u00edba Saneamento &#8211; Execu\u00e7\u00e3o das Redes Coletoras das Bacias 0, 09, 11 e 12, Esta\u00e7\u00f5es de Bombeamento de Esgoto &#8211; EBE 01, 02 e 03 e Emiss\u00e1rios por Recalque 01, 02 e 03, na localidade de Gua\u00edba\/RS EBE 1 \u2013 Execu\u00e7\u00e3o de 356,50 m\u00b2 de parede diafragma para conten\u00e7\u00e3o do len\u00e7ol [&hellip;]<\/p>\n","protected":false},"author":1,"featured_media":0,"parent":257,"menu_order":9,"comment_status":"closed","ping_status":"closed","template":"","meta":{"footnotes":""},"class_list":["post-659","page","type-page","status-publish","hentry"],"_links":{"self":[{"href":"https:\/\/morandi.com.br\/site\/index.php\/wp-json\/wp\/v2\/pages\/659","targetHints":{"allow":["GET"]}}],"collection":[{"href":"https:\/\/morandi.com.br\/site\/index.php\/wp-json\/wp\/v2\/pages"}],"about":[{"href":"https:\/\/morandi.com.br\/site\/index.php\/wp-json\/wp\/v2\/types\/page"}],"author":[{"embeddable":true,"href":"https:\/\/morandi.com.br\/site\/index.php\/wp-json\/wp\/v2\/users\/1"}],"replies":[{"embeddable":true,"href":"https:\/\/morandi.com.br\/site\/index.php\/wp-json\/wp\/v2\/comments?post=659"}],"version-history":[{"count":3,"href":"https:\/\/morandi.com.br\/site\/index.php\/wp-json\/wp\/v2\/pages\/659\/revisions"}],"predecessor-version":[{"id":670,"href":"https:\/\/morandi.com.br\/site\/index.php\/wp-json\/wp\/v2\/pages\/659\/revisions\/670"}],"up":[{"embeddable":true,"href":"https:\/\/morandi.com.br\/site\/index.php\/wp-json\/wp\/v2\/pages\/257"}],"wp:attachment":[{"href":"https:\/\/morandi.com.br\/site\/index.php\/wp-json\/wp\/v2\/media?parent=659"}],"curies":[{"name":"wp","href":"https:\/\/api.w.org\/{rel}","templated":true}]}}