{"id":304,"date":"2023-09-08T18:24:40","date_gmt":"2023-09-08T21:24:40","guid":{"rendered":"https:\/\/morandi.com.br\/site\/?page_id=304"},"modified":"2023-09-27T10:37:02","modified_gmt":"2023-09-27T13:37:02","slug":"prefeitura-municipal-de-cachoeirinha","status":"publish","type":"page","link":"https:\/\/morandi.com.br\/site\/index.php\/obras\/prefeitura-municipal-de-cachoeirinha\/","title":{"rendered":"Prefeitura Municipal de Cachoeirinha"},"content":{"rendered":"\n<h2 class=\"wp-block-heading\">MANUTEN\u00c7\u00c3O de vias e redes<\/h2>\n\n\n\n<p>Execu\u00e7\u00e3o de servi\u00e7os de manuten\u00e7\u00e3o da malha vi\u00e1ria e drenagem pluvial de diversas ruas do Munic\u00edpio de Cachoeirinha\/RS<\/p>\n\n\n\n<ul class=\"wp-block-list\">\n<li>Regulariza\u00e7\u00e3o de superf\u00edcies com saibro compactado: 160.000 m\u00b2<\/li>\n\n\n\n<li>Fornecimento e execu\u00e7\u00e3o de capa de rolamento com CBUQ compactado na pista: 3.000 tn<\/li>\n\n\n\n<li>Conserva\u00e7\u00e3o asf\u00e1ltica com Caminh\u00e3o T\u00e9rmico : 5.500 tn<\/li>\n\n\n\n<li>Rede de Drenagem Pluvial: 7.700 m<\/li>\n<\/ul>\n\n\n\n<p><\/p>\n\n\n\n<p><\/p>\n\n\n\n<figure class=\"wp-block-gallery has-nested-images columns-default is-cropped wp-block-gallery-1 is-layout-flex wp-block-gallery-is-layout-flex\">\n<figure class=\"wp-block-image size-large\"><img loading=\"lazy\" decoding=\"async\" width=\"201\" height=\"379\" data-id=\"442\" src=\"https:\/\/morandi.com.br\/site\/wp-content\/uploads\/2023\/09\/cachoeirinha-conservacao-asfaltica-1-4.jpg\" alt=\"\" class=\"wp-image-442\" srcset=\"https:\/\/morandi.com.br\/site\/wp-content\/uploads\/2023\/09\/cachoeirinha-conservacao-asfaltica-1-4.jpg 201w, https:\/\/morandi.com.br\/site\/wp-content\/uploads\/2023\/09\/cachoeirinha-conservacao-asfaltica-1-4-159x300.jpg 159w\" sizes=\"auto, (max-width: 201px) 100vw, 201px\" \/><figcaption class=\"wp-element-caption\">Conserva\u00e7\u00e3o Asf\u00e1ltica<\/figcaption><\/figure>\n\n\n\n<figure class=\"wp-block-image size-large\"><img loading=\"lazy\" decoding=\"async\" width=\"201\" height=\"379\" data-id=\"441\" src=\"https:\/\/morandi.com.br\/site\/wp-content\/uploads\/2023\/09\/cachoeirinha-conservacao-asfaltica-3-1.jpg\" alt=\"\" class=\"wp-image-441\" srcset=\"https:\/\/morandi.com.br\/site\/wp-content\/uploads\/2023\/09\/cachoeirinha-conservacao-asfaltica-3-1.jpg 201w, https:\/\/morandi.com.br\/site\/wp-content\/uploads\/2023\/09\/cachoeirinha-conservacao-asfaltica-3-1-159x300.jpg 159w\" sizes=\"auto, (max-width: 201px) 100vw, 201px\" \/><figcaption class=\"wp-element-caption\">Conserva\u00e7\u00e3o Asf\u00e1ltica<\/figcaption><\/figure>\n\n\n\n<figure class=\"wp-block-image size-large\"><img loading=\"lazy\" decoding=\"async\" width=\"201\" height=\"379\" data-id=\"439\" src=\"https:\/\/morandi.com.br\/site\/wp-content\/uploads\/2023\/09\/cachoeirinha-conservacao-asfaltica-2-1.jpg\" alt=\"\" class=\"wp-image-439\" srcset=\"https:\/\/morandi.com.br\/site\/wp-content\/uploads\/2023\/09\/cachoeirinha-conservacao-asfaltica-2-1.jpg 201w, https:\/\/morandi.com.br\/site\/wp-content\/uploads\/2023\/09\/cachoeirinha-conservacao-asfaltica-2-1-159x300.jpg 159w\" sizes=\"auto, (max-width: 201px) 100vw, 201px\" \/><figcaption class=\"wp-element-caption\">Conserva\u00e7\u00e3o Asf\u00e1ltica<\/figcaption><\/figure>\n<\/figure>\n\n\n\n<p><\/p>\n\n\n\n<figure class=\"wp-block-gallery has-nested-images columns-default is-cropped wp-block-gallery-2 is-layout-flex wp-block-gallery-is-layout-flex\">\n<figure class=\"wp-block-image size-large\"><img loading=\"lazy\" decoding=\"async\" width=\"212\" height=\"411\" data-id=\"424\" src=\"https:\/\/morandi.com.br\/site\/wp-content\/uploads\/2023\/09\/cachoeirinha-rede-denagem-pluvial-rua-lidio-batista-soares-3.jpg\" alt=\"\" class=\"wp-image-424\" srcset=\"https:\/\/morandi.com.br\/site\/wp-content\/uploads\/2023\/09\/cachoeirinha-rede-denagem-pluvial-rua-lidio-batista-soares-3.jpg 212w, https:\/\/morandi.com.br\/site\/wp-content\/uploads\/2023\/09\/cachoeirinha-rede-denagem-pluvial-rua-lidio-batista-soares-3-155x300.jpg 155w\" sizes=\"auto, (max-width: 212px) 100vw, 212px\" \/><figcaption class=\"wp-element-caption\">Rede de drenagem pluvial <br>Rua L\u00eddio Batista Soares<\/figcaption><\/figure>\n\n\n\n<figure class=\"wp-block-image size-large\"><img loading=\"lazy\" decoding=\"async\" width=\"212\" height=\"411\" data-id=\"425\" src=\"https:\/\/morandi.com.br\/site\/wp-content\/uploads\/2023\/09\/cachoeirinha-rede-denagem-pluvial-rua-lidio-batista-soares-1.jpg\" alt=\"\" class=\"wp-image-425\" srcset=\"https:\/\/morandi.com.br\/site\/wp-content\/uploads\/2023\/09\/cachoeirinha-rede-denagem-pluvial-rua-lidio-batista-soares-1.jpg 212w, https:\/\/morandi.com.br\/site\/wp-content\/uploads\/2023\/09\/cachoeirinha-rede-denagem-pluvial-rua-lidio-batista-soares-1-155x300.jpg 155w\" sizes=\"auto, (max-width: 212px) 100vw, 212px\" \/><figcaption class=\"wp-element-caption\">Rede de drenagem pluvial <br>Rua L\u00eddio Batista Soares<\/figcaption><\/figure>\n\n\n\n<figure class=\"wp-block-image size-large\"><img loading=\"lazy\" decoding=\"async\" width=\"212\" height=\"411\" data-id=\"426\" src=\"https:\/\/morandi.com.br\/site\/wp-content\/uploads\/2023\/09\/cachoeirinha-rede-denagem-pluvial-rua-lidio-batista-soares-2.jpg\" alt=\"\" class=\"wp-image-426\" srcset=\"https:\/\/morandi.com.br\/site\/wp-content\/uploads\/2023\/09\/cachoeirinha-rede-denagem-pluvial-rua-lidio-batista-soares-2.jpg 212w, https:\/\/morandi.com.br\/site\/wp-content\/uploads\/2023\/09\/cachoeirinha-rede-denagem-pluvial-rua-lidio-batista-soares-2-155x300.jpg 155w\" sizes=\"auto, (max-width: 212px) 100vw, 212px\" \/><figcaption class=\"wp-element-caption\">Rede de drenagem pluvial <br>Rua L\u00eddio Batista Soares<\/figcaption><\/figure>\n<\/figure>\n\n\n\n<p><\/p>\n\n\n\n<figure class=\"wp-block-gallery has-nested-images columns-default is-cropped wp-block-gallery-3 is-layout-flex wp-block-gallery-is-layout-flex\">\n<figure class=\"wp-block-image size-large\"><img loading=\"lazy\" decoding=\"async\" width=\"484\" height=\"281\" data-id=\"429\" src=\"https:\/\/morandi.com.br\/site\/wp-content\/uploads\/2023\/09\/cachoeirinha-rede-denagem-pluvial-rua-telmo-silveira-dorneles-2.jpg\" alt=\"\" class=\"wp-image-429\" srcset=\"https:\/\/morandi.com.br\/site\/wp-content\/uploads\/2023\/09\/cachoeirinha-rede-denagem-pluvial-rua-telmo-silveira-dorneles-2.jpg 484w, https:\/\/morandi.com.br\/site\/wp-content\/uploads\/2023\/09\/cachoeirinha-rede-denagem-pluvial-rua-telmo-silveira-dorneles-2-300x174.jpg 300w\" sizes=\"auto, (max-width: 484px) 100vw, 484px\" \/><figcaption class=\"wp-element-caption\">Rede de denagem-pluvial  <br>Rua Telmo Silveira Dorneles<\/figcaption><\/figure>\n\n\n\n<figure class=\"wp-block-image size-large\"><img loading=\"lazy\" decoding=\"async\" width=\"484\" height=\"281\" data-id=\"428\" src=\"https:\/\/morandi.com.br\/site\/wp-content\/uploads\/2023\/09\/cachoeirinha-rede-denagem-pluvial-rua-telmo-silveira-dorneles-1.jpg\" alt=\"\" class=\"wp-image-428\" srcset=\"https:\/\/morandi.com.br\/site\/wp-content\/uploads\/2023\/09\/cachoeirinha-rede-denagem-pluvial-rua-telmo-silveira-dorneles-1.jpg 484w, https:\/\/morandi.com.br\/site\/wp-content\/uploads\/2023\/09\/cachoeirinha-rede-denagem-pluvial-rua-telmo-silveira-dorneles-1-300x174.jpg 300w\" sizes=\"auto, (max-width: 484px) 100vw, 484px\" \/><figcaption class=\"wp-element-caption\">Rede de denagem-pluvial  <br>Rua Telmo Silveira Dorneles<\/figcaption><\/figure>\n<\/figure>\n","protected":false},"excerpt":{"rendered":"<p>MANUTEN\u00c7\u00c3O de vias e redes Execu\u00e7\u00e3o de servi\u00e7os de manuten\u00e7\u00e3o da malha vi\u00e1ria e drenagem pluvial de diversas ruas do Munic\u00edpio de Cachoeirinha\/RS<\/p>\n","protected":false},"author":1,"featured_media":191,"parent":257,"menu_order":1,"comment_status":"closed","ping_status":"closed","template":"","meta":{"footnotes":""},"class_list":["post-304","page","type-page","status-publish","has-post-thumbnail","hentry"],"_links":{"self":[{"href":"https:\/\/morandi.com.br\/site\/index.php\/wp-json\/wp\/v2\/pages\/304","targetHints":{"allow":["GET"]}}],"collection":[{"href":"https:\/\/morandi.com.br\/site\/index.php\/wp-json\/wp\/v2\/pages"}],"about":[{"href":"https:\/\/morandi.com.br\/site\/index.php\/wp-json\/wp\/v2\/types\/page"}],"author":[{"embeddable":true,"href":"https:\/\/morandi.com.br\/site\/index.php\/wp-json\/wp\/v2\/users\/1"}],"replies":[{"embeddable":true,"href":"https:\/\/morandi.com.br\/site\/index.php\/wp-json\/wp\/v2\/comments?post=304"}],"version-history":[{"count":26,"href":"https:\/\/morandi.com.br\/site\/index.php\/wp-json\/wp\/v2\/pages\/304\/revisions"}],"predecessor-version":[{"id":465,"href":"https:\/\/morandi.com.br\/site\/index.php\/wp-json\/wp\/v2\/pages\/304\/revisions\/465"}],"up":[{"embeddable":true,"href":"https:\/\/morandi.com.br\/site\/index.php\/wp-json\/wp\/v2\/pages\/257"}],"wp:featuredmedia":[{"embeddable":true,"href":"https:\/\/morandi.com.br\/site\/index.php\/wp-json\/wp\/v2\/media\/191"}],"wp:attachment":[{"href":"https:\/\/morandi.com.br\/site\/index.php\/wp-json\/wp\/v2\/media?parent=304"}],"curies":[{"name":"wp","href":"https:\/\/api.w.org\/{rel}","templated":true}]}}