{"id":3,"date":"2023-03-27T20:44:21","date_gmt":"2023-03-27T23:44:21","guid":{"rendered":"http:\/\/morandi.com.br\/site\/?page_id=3"},"modified":"2023-12-26T16:46:36","modified_gmt":"2023-12-26T19:46:36","slug":"empresa","status":"publish","type":"page","link":"https:\/\/morandi.com.br\/site\/index.php\/empresa\/","title":{"rendered":"Empresa"},"content":{"rendered":"\n<figure class=\"wp-block-image size-large\"><img loading=\"lazy\" decoding=\"async\" width=\"1024\" height=\"600\" src=\"https:\/\/morandi.com.br\/site\/wp-content\/uploads\/2023\/12\/fachada-morandi-viamao-1-1024x600.jpg\" alt=\"\" class=\"wp-image-748\" srcset=\"https:\/\/morandi.com.br\/site\/wp-content\/uploads\/2023\/12\/fachada-morandi-viamao-1-1024x600.jpg 1024w, https:\/\/morandi.com.br\/site\/wp-content\/uploads\/2023\/12\/fachada-morandi-viamao-1-300x176.jpg 300w, https:\/\/morandi.com.br\/site\/wp-content\/uploads\/2023\/12\/fachada-morandi-viamao-1-768x450.jpg 768w, https:\/\/morandi.com.br\/site\/wp-content\/uploads\/2023\/12\/fachada-morandi-viamao-1.jpg 1248w\" sizes=\"auto, (max-width: 1024px) 100vw, 1024px\" \/><\/figure>\n\n\n\n<p><\/p>\n\n\n\n<h2 class=\"wp-block-heading\">Sede<\/h2>\n\n\n\n<p>Com sede em Viam\u00e3o, estado do Rio Grande do Sul, a&nbsp;<strong>CONTRU\u00c7\u00d5ES E URBANIZADORA CL MORANDI<\/strong>&nbsp;firmou-se como empresa tradicional do setor de terraplenagem e pavimenta\u00e7\u00e3o, conquistando a confian\u00e7a de seus clientes pelo seu comportamento \u00e9tico, sua capacidade gerencial e pela excel\u00eancia t\u00e9cnica.<\/p>\n\n\n\n<p>A qualidade de nossos servi\u00e7os, aliadas a rapidez da entrega s\u00e3o as principais metas que procuramos atingir, proporcionando assim maior satisfa\u00e7\u00e3o aos nossos clientes.<\/p>\n\n\n\n<p>Nossos colaboradores s\u00e3o treinados e uniformizados, nossos equipamentos s\u00e3o constantemente revisados atrav\u00e9s de manuten\u00e7\u00e3o preventiva e corretiva. Estamos dentro das normas regulamentadoras do Minist\u00e9rio do Trabalho NR15 e NR18.<\/p>\n\n\n\n<p><\/p>\n\n\n\n<h2 class=\"wp-block-heading\">In\u00edcio<\/h2>\n\n\n\n<p>Com in\u00edcio das suas atividades em Porto Alegre, a&nbsp;<strong>CONTRUTORA MORANDI<\/strong>, foi fundada em 20 de janeiro de 1982 pelos S\u00f3cios Salvador Claro dos Santos e Osmar Romano Sonalio Morandi, estabelecendo-se na Av. Vicente Monteggia, 1393, no Bairro Vila Nova, inicialmente voltada no ramo de Escava\u00e7\u00e3o, Terraplenagem, Demoli\u00e7\u00e3o e transporte via Rodovi\u00e1ria de Carga, denominando-se&nbsp;<strong>TERRAPLENAGEM MORANDI LTDA.<\/strong><\/p>\n\n\n\n<p><\/p>\n\n\n\n<h2 class=\"wp-block-heading\">Constru\u00e7\u00e3o Civil<\/h2>\n\n\n\n<p>Sempre levada pelo dinamismo de sua diretoria e colaboradores, na aplica\u00e7\u00e3o inteligente de tecnologia e solu\u00e7\u00f5es inovadoras a Construtora Morandi passou a partir de 1999 a atuar no ramo de constru\u00e7\u00e3o civil. Tendo como contratantes principais Prefeituras, principalmente na regi\u00e3o Metropolitana de Porto Alegre, em setembro de 2002, transferiu sua administra\u00e7\u00e3o para&nbsp; Gravata\u00ed e instalou um escrit\u00f3rio no Munic\u00edpio de Gua\u00edba para um melhor atendimento a clientes daquela regi\u00e3o.<\/p>\n\n\n\n<figure class=\"wp-block-gallery has-nested-images columns-default is-cropped wp-block-gallery-1 is-layout-flex wp-block-gallery-is-layout-flex\">\n<figure class=\"wp-block-image size-large\"><img loading=\"lazy\" decoding=\"async\" width=\"240\" height=\"177\" data-id=\"46\" src=\"https:\/\/morandi.com.br\/site\/wp-content\/uploads\/2023\/04\/foto_salvador.jpg\" alt=\"\" class=\"wp-image-46\"\/><figcaption class=\"wp-element-caption\">Salvador Claro dos Santos<\/figcaption><\/figure>\n\n\n\n<figure class=\"wp-block-image size-large\"><img loading=\"lazy\" decoding=\"async\" width=\"240\" height=\"154\" data-id=\"47\" src=\"https:\/\/morandi.com.br\/site\/wp-content\/uploads\/2023\/04\/foto_sede.jpg\" alt=\"\" class=\"wp-image-47\"\/><figcaption class=\"wp-element-caption\">Antiga Sede em Gravata\u00ed<\/figcaption><\/figure>\n\n\n\n<figure class=\"wp-block-image size-large\"><img loading=\"lazy\" decoding=\"async\" width=\"240\" height=\"147\" data-id=\"48\" src=\"https:\/\/morandi.com.br\/site\/wp-content\/uploads\/2023\/04\/foto_guaiba.jpg\" alt=\"\" class=\"wp-image-48\"\/><figcaption class=\"wp-element-caption\">Filial Guaiba<\/figcaption><\/figure>\n<\/figure>\n\n\n\n<p><\/p>\n\n\n\n<h2 class=\"wp-block-heading\">Vis\u00e3o<\/h2>\n\n\n\n<p>Ser refer\u00eancia da excel\u00eancia no cumprimento de suas obras de engenharia no \u00e2mbito Nacional.<\/p>\n\n\n\n<p><\/p>\n\n\n\n<h2 class=\"wp-block-heading\">Miss\u00e3o<\/h2>\n\n\n\n<p>Desenvolver com excel\u00eancia, obras de infraestrutura, de artes especiais e de constru\u00e7\u00e3o civil, bem como atuar com loca\u00e7\u00e3o de equipamentos, executando-as com qualidade e foco no rigor do cumprimento das cl\u00e1usulas contratuais firmadas com os seus clientes e parceiros, atuando junto \u00e0s empresas privadas e p\u00fablicas em todo territ\u00f3rio nacional.<\/p>\n\n\n\n<p><\/p>\n\n\n\n<h2 class=\"wp-block-heading\">Valores<\/h2>\n\n\n\n<p>Honrar com seus compromissos.<\/p>\n\n\n\n<p>Garantir a continuidade do neg\u00f3cio.<\/p>\n\n\n\n<p>Atuar com opera\u00e7\u00f5es seguras que gerem lucratividade com responsabilidade social.<\/p>\n\n\n\n<p>Zelar pela satisfa\u00e7\u00e3o de seus clientes e colaboradores.<\/p>\n\n\n\n<p>Buscar constantemente qualidade e agilidade, nos servi\u00e7os, processos e nas rela\u00e7\u00f5es com clientes, fornecedores, colaboradores e s\u00f3cios.<\/p>\n\n\n\n<p>Primar pela \u00e9tica e preserva\u00e7\u00e3o do meio ambiente em todas as suas a\u00e7\u00f5es.<\/p>\n\n\n\n<p><\/p>\n\n\n\n<h2 class=\"wp-block-heading\">Empresas Parceiras<\/h2>\n\n\n\n<p><\/p>\n\n\n\n<figure class=\"wp-block-gallery has-nested-images columns-default is-cropped wp-block-gallery-2 is-layout-flex wp-block-gallery-is-layout-flex\"><div class=\"wp-block-image\">\n<figure class=\"aligncenter size-large is-resized\"><img loading=\"lazy\" decoding=\"async\" width=\"150\" height=\"47\" data-id=\"681\" src=\"https:\/\/morandi.com.br\/site\/wp-content\/uploads\/2023\/09\/parceiros-tecmold-1.jpg\" alt=\"\" class=\"wp-image-681\" style=\"object-fit:contain;width:150px;height:47px\"\/><\/figure>\n<\/div>\n\n<div class=\"wp-block-image\">\n<figure class=\"aligncenter size-large is-resized\"><img loading=\"lazy\" decoding=\"async\" width=\"150\" height=\"47\" data-id=\"683\" src=\"https:\/\/morandi.com.br\/site\/wp-content\/uploads\/2023\/09\/parceiros-pedraccon-1.jpg\" alt=\"\" class=\"wp-image-683\" style=\"object-fit:contain;width:150px;height:47px\"\/><\/figure>\n<\/div><\/figure>\n","protected":false},"excerpt":{"rendered":"<p>Sede Com sede em Viam\u00e3o, estado do Rio Grande do Sul, a&nbsp;CONTRU\u00c7\u00d5ES E URBANIZADORA CL MORANDI&nbsp;firmou-se como empresa tradicional do setor de terraplenagem e pavimenta\u00e7\u00e3o, conquistando a confian\u00e7a de seus clientes pelo seu comportamento \u00e9tico, sua capacidade gerencial e pela excel\u00eancia t\u00e9cnica. A qualidade de nossos servi\u00e7os, aliadas a rapidez da entrega s\u00e3o as principais [&hellip;]<\/p>\n","protected":false},"author":1,"featured_media":56,"parent":0,"menu_order":1,"comment_status":"closed","ping_status":"open","template":"","meta":{"footnotes":""},"class_list":["post-3","page","type-page","status-publish","has-post-thumbnail","hentry"],"_links":{"self":[{"href":"https:\/\/morandi.com.br\/site\/index.php\/wp-json\/wp\/v2\/pages\/3","targetHints":{"allow":["GET"]}}],"collection":[{"href":"https:\/\/morandi.com.br\/site\/index.php\/wp-json\/wp\/v2\/pages"}],"about":[{"href":"https:\/\/morandi.com.br\/site\/index.php\/wp-json\/wp\/v2\/types\/page"}],"author":[{"embeddable":true,"href":"https:\/\/morandi.com.br\/site\/index.php\/wp-json\/wp\/v2\/users\/1"}],"replies":[{"embeddable":true,"href":"https:\/\/morandi.com.br\/site\/index.php\/wp-json\/wp\/v2\/comments?post=3"}],"version-history":[{"count":21,"href":"https:\/\/morandi.com.br\/site\/index.php\/wp-json\/wp\/v2\/pages\/3\/revisions"}],"predecessor-version":[{"id":803,"href":"https:\/\/morandi.com.br\/site\/index.php\/wp-json\/wp\/v2\/pages\/3\/revisions\/803"}],"wp:featuredmedia":[{"embeddable":true,"href":"https:\/\/morandi.com.br\/site\/index.php\/wp-json\/wp\/v2\/media\/56"}],"wp:attachment":[{"href":"https:\/\/morandi.com.br\/site\/index.php\/wp-json\/wp\/v2\/media?parent=3"}],"curies":[{"name":"wp","href":"https:\/\/api.w.org\/{rel}","templated":true}]}}