{"id":280,"date":"2023-09-08T18:18:39","date_gmt":"2023-09-08T21:18:39","guid":{"rendered":"https:\/\/morandi.com.br\/site\/?page_id=280"},"modified":"2023-09-27T10:39:18","modified_gmt":"2023-09-27T13:39:18","slug":"prefeitura-municipal-de-porto-alegre","status":"publish","type":"page","link":"https:\/\/morandi.com.br\/site\/index.php\/obras\/prefeitura-municipal-de-porto-alegre\/","title":{"rendered":"Prefeitura Municipal de Porto Alegre"},"content":{"rendered":"\n<h2 class=\"wp-block-heading\">MANUTEN\u00c7\u00c3O de vias pavimentadas<\/h2>\n\n\n\n<p>Execu\u00e7\u00e3o dos servi\u00e7os de conserva\u00e7\u00e3o com material asf\u00e1ltico em vias pavimentadas, utilizando transporte de material e equipes em caminh\u00e3o ca\u00e7amba t\u00e9rmica com cabine dupla e transporte de material com basculante e equipe em caminh\u00e3o de cabine dupla, incluindo fresagem em diversos logradouros do Munic\u00edpio de Porto Alegre\/RS.<\/p>\n\n\n\n<p><br><\/p>\n\n\n\n<figure class=\"wp-block-gallery has-nested-images columns-default is-cropped wp-block-gallery-1 is-layout-flex wp-block-gallery-is-layout-flex\">\n<figure class=\"wp-block-image size-large is-resized\"><img loading=\"lazy\" decoding=\"async\" data-id=\"504\" src=\"https:\/\/morandi.com.br\/site\/wp-content\/uploads\/2023\/09\/01_portoalegre-pavimentacao-av-maua-reconstitucao-asfaltica.jpg\" alt=\"\" class=\"wp-image-504\" style=\"object-fit:cover;width:230px;height:381px\" width=\"230\" height=\"381\" srcset=\"https:\/\/morandi.com.br\/site\/wp-content\/uploads\/2023\/09\/01_portoalegre-pavimentacao-av-maua-reconstitucao-asfaltica.jpg 230w, https:\/\/morandi.com.br\/site\/wp-content\/uploads\/2023\/09\/01_portoalegre-pavimentacao-av-maua-reconstitucao-asfaltica-181x300.jpg 181w\" sizes=\"auto, (max-width: 230px) 100vw, 230px\" \/><\/figure>\n\n\n\n<figure class=\"wp-block-image size-large is-resized\"><img loading=\"lazy\" decoding=\"async\" data-id=\"506\" src=\"https:\/\/morandi.com.br\/site\/wp-content\/uploads\/2023\/09\/02_portoalegre-pavimentacao-tapa-buraco-em-diversas-ruas-5.jpg\" alt=\"\" class=\"wp-image-506\" style=\"object-fit:cover;width:230px;height:381px\" width=\"230\" height=\"381\" srcset=\"https:\/\/morandi.com.br\/site\/wp-content\/uploads\/2023\/09\/02_portoalegre-pavimentacao-tapa-buraco-em-diversas-ruas-5.jpg 230w, https:\/\/morandi.com.br\/site\/wp-content\/uploads\/2023\/09\/02_portoalegre-pavimentacao-tapa-buraco-em-diversas-ruas-5-181x300.jpg 181w\" sizes=\"auto, (max-width: 230px) 100vw, 230px\" \/><\/figure>\n\n\n\n<figure class=\"wp-block-image size-large is-resized\"><img loading=\"lazy\" decoding=\"async\" data-id=\"505\" src=\"https:\/\/morandi.com.br\/site\/wp-content\/uploads\/2023\/09\/03_portoalegre-pavimentacao-tapa-buraco-em-diversas-ruas-6.jpg\" alt=\"\" class=\"wp-image-505\" style=\"object-fit:cover;width:230px;height:381px\" width=\"230\" height=\"381\" srcset=\"https:\/\/morandi.com.br\/site\/wp-content\/uploads\/2023\/09\/03_portoalegre-pavimentacao-tapa-buraco-em-diversas-ruas-6.jpg 230w, https:\/\/morandi.com.br\/site\/wp-content\/uploads\/2023\/09\/03_portoalegre-pavimentacao-tapa-buraco-em-diversas-ruas-6-181x300.jpg 181w\" sizes=\"auto, (max-width: 230px) 100vw, 230px\" \/><\/figure>\n<\/figure>\n\n\n\n<p><\/p>\n\n\n\n<figure class=\"wp-block-gallery has-nested-images columns-default is-cropped wp-block-gallery-2 is-layout-flex wp-block-gallery-is-layout-flex\">\n<figure class=\"wp-block-image size-large is-resized\"><img loading=\"lazy\" decoding=\"async\" data-id=\"509\" src=\"https:\/\/morandi.com.br\/site\/wp-content\/uploads\/2023\/09\/04_portoalegre-pavimentacao-tapa-buraco-em-diversas-ruas-3.jpg\" alt=\"\" class=\"wp-image-509\" style=\"object-fit:cover;width:230px;height:208px\" width=\"230\" height=\"208\"\/><\/figure>\n\n\n\n<figure class=\"wp-block-image size-large is-resized\"><img loading=\"lazy\" decoding=\"async\" data-id=\"507\" src=\"https:\/\/morandi.com.br\/site\/wp-content\/uploads\/2023\/09\/05_portoalegre-pavimentacao-tapa-buraco-em-diversas-ruas-4.jpg\" alt=\"\" class=\"wp-image-507\" style=\"object-fit:cover;width:230px;height:208px\" width=\"230\" height=\"208\"\/><\/figure>\n\n\n\n<figure class=\"wp-block-image size-large is-resized\"><img loading=\"lazy\" decoding=\"async\" data-id=\"508\" src=\"https:\/\/morandi.com.br\/site\/wp-content\/uploads\/2023\/09\/033333_portoalegre-pavimentacao-tapa-buraco-em-diversas-ruas-2.jpg\" alt=\"\" class=\"wp-image-508\" style=\"object-fit:cover;width:230px;height:208px\" width=\"230\" height=\"208\"\/><\/figure>\n<\/figure>\n\n\n\n<p><\/p>\n\n\n\n<p>Caracter\u00edsticas: Principais servi\u00e7os previstos para execu\u00e7\u00e3o anual:<br>Fresagem asf\u00e1ltica: 3.180 m\u00b3 e Conserva\u00e7\u00e3o asf\u00e1ltica: 17.553 tn<\/p>\n","protected":false},"excerpt":{"rendered":"<p>MANUTEN\u00c7\u00c3O de vias pavimentadas Execu\u00e7\u00e3o dos servi\u00e7os de conserva\u00e7\u00e3o com material asf\u00e1ltico em vias pavimentadas, utilizando transporte de material e equipes em caminh\u00e3o ca\u00e7amba t\u00e9rmica com cabine dupla e transporte de material com basculante e equipe em caminh\u00e3o de cabine dupla, incluindo fresagem em diversos logradouros do Munic\u00edpio de Porto Alegre\/RS. Caracter\u00edsticas: Principais servi\u00e7os previstos [&hellip;]<\/p>\n","protected":false},"author":1,"featured_media":0,"parent":257,"menu_order":5,"comment_status":"closed","ping_status":"closed","template":"","meta":{"footnotes":""},"class_list":["post-280","page","type-page","status-publish","hentry"],"_links":{"self":[{"href":"https:\/\/morandi.com.br\/site\/index.php\/wp-json\/wp\/v2\/pages\/280","targetHints":{"allow":["GET"]}}],"collection":[{"href":"https:\/\/morandi.com.br\/site\/index.php\/wp-json\/wp\/v2\/pages"}],"about":[{"href":"https:\/\/morandi.com.br\/site\/index.php\/wp-json\/wp\/v2\/types\/page"}],"author":[{"embeddable":true,"href":"https:\/\/morandi.com.br\/site\/index.php\/wp-json\/wp\/v2\/users\/1"}],"replies":[{"embeddable":true,"href":"https:\/\/morandi.com.br\/site\/index.php\/wp-json\/wp\/v2\/comments?post=280"}],"version-history":[{"count":5,"href":"https:\/\/morandi.com.br\/site\/index.php\/wp-json\/wp\/v2\/pages\/280\/revisions"}],"predecessor-version":[{"id":511,"href":"https:\/\/morandi.com.br\/site\/index.php\/wp-json\/wp\/v2\/pages\/280\/revisions\/511"}],"up":[{"embeddable":true,"href":"https:\/\/morandi.com.br\/site\/index.php\/wp-json\/wp\/v2\/pages\/257"}],"wp:attachment":[{"href":"https:\/\/morandi.com.br\/site\/index.php\/wp-json\/wp\/v2\/media?parent=280"}],"curies":[{"name":"wp","href":"https:\/\/api.w.org\/{rel}","templated":true}]}}