{"id":257,"date":"2023-09-08T18:03:10","date_gmt":"2023-09-08T21:03:10","guid":{"rendered":"https:\/\/morandi.com.br\/site\/?page_id=257"},"modified":"2023-12-26T15:59:17","modified_gmt":"2023-12-26T18:59:17","slug":"obras","status":"publish","type":"page","link":"https:\/\/morandi.com.br\/site\/index.php\/obras\/","title":{"rendered":"Obras"},"content":{"rendered":"\n<h2 class=\"wp-block-heading\"><strong>MANUTEN\u00c7\u00c3O de vias e redes<\/strong> <\/h2>\n\n\n\n<p><strong>Clique nos logos abaixo e veja as obras realizadas em diversos Munic\u00edpios: <\/strong><\/p>\n\n\n\n<div class=\"wp-block-group\"><div class=\"wp-block-group__inner-container is-layout-constrained wp-block-group-is-layout-constrained\">\n<figure class=\"wp-block-gallery has-nested-images columns-1 is-cropped wp-block-gallery-1 is-layout-flex wp-block-gallery-is-layout-flex\"><div class=\"wp-block-image\">\n<figure class=\"aligncenter size-large\"><a href=\"morandi.com.br\/site\/index.php\/obras\/prefeitura-municipal-de-alvorada\/\"><img loading=\"lazy\" decoding=\"async\" width=\"110\" height=\"165\" data-id=\"777\" src=\"https:\/\/morandi.com.br\/site\/wp-content\/uploads\/2023\/12\/logo_prefeitura_municipal_de_alvorada-2.jpg\" alt=\"\" class=\"wp-image-777\"\/><\/a><\/figure>\n<\/div>\n\n<div class=\"wp-block-image\">\n<figure class=\"aligncenter size-large\"><img loading=\"lazy\" decoding=\"async\" width=\"110\" height=\"165\" data-id=\"766\" src=\"https:\/\/morandi.com.br\/site\/wp-content\/uploads\/2023\/12\/logo_prefeitura_municipal_de_arroio-grande.jpg\" alt=\"\" class=\"wp-image-766\"\/><\/figure>\n<\/div>\n\n<div class=\"wp-block-image\">\n<figure class=\"aligncenter size-large\"><a href=\"https:\/\/morandi.com.br\/site\/index.php\/obras\/prefeitura-municipal-de-balneario-pinhal\/\"><img loading=\"lazy\" decoding=\"async\" width=\"110\" height=\"165\" data-id=\"768\" src=\"https:\/\/morandi.com.br\/site\/wp-content\/uploads\/2023\/12\/logo_prefeitura_municipal_de_balneario_pinhal-1.jpg\" alt=\"\" class=\"wp-image-768\"\/><\/a><\/figure>\n<\/div>\n\n<div class=\"wp-block-image\">\n<figure class=\"aligncenter size-large\"><a href=\"morandi.com.br\/site\/index.php\/obras\/prefeitura-municipal-de-cachoeirinha\/\"><img loading=\"lazy\" decoding=\"async\" width=\"110\" height=\"165\" data-id=\"770\" src=\"https:\/\/morandi.com.br\/site\/wp-content\/uploads\/2023\/12\/logo_prefeitura_municipal_de_cachoeirinha-2.jpg\" alt=\"\" class=\"wp-image-770\"\/><\/a><\/figure>\n<\/div>\n\n<div class=\"wp-block-image\">\n<figure class=\"aligncenter size-large\"><img loading=\"lazy\" decoding=\"async\" width=\"110\" height=\"165\" data-id=\"776\" src=\"https:\/\/morandi.com.br\/site\/wp-content\/uploads\/2023\/12\/logo_prefeitura_municipal_de_canoas.jpg\" alt=\"\" class=\"wp-image-776\"\/><\/figure>\n<\/div>\n\n<div class=\"wp-block-image\">\n<figure class=\"aligncenter size-large\"><a href=\" morandi.com.br\/site\/index.php\/obras\/prefeitura-municipal-de-eldorado-do-sul\/\"><img loading=\"lazy\" decoding=\"async\" width=\"110\" height=\"165\" data-id=\"772\" src=\"https:\/\/morandi.com.br\/site\/wp-content\/uploads\/2023\/12\/logo_prefeitura_municipal_de_eldorado_do_sul-2.jpg\" alt=\"\" class=\"wp-image-772\"\/><\/a><\/figure>\n<\/div>\n\n<div class=\"wp-block-image\">\n<figure class=\"aligncenter size-large\"><a href=\"https:\/\/morandi.com.br\/site\/index.php\/obras\/prefeitura-municipal-de-farroupilha\/\"><img loading=\"lazy\" decoding=\"async\" width=\"110\" height=\"165\" data-id=\"775\" src=\"https:\/\/morandi.com.br\/site\/wp-content\/uploads\/2023\/12\/logo_prefeitura_municipal_de_farroupilha-1.jpg\" alt=\"\" class=\"wp-image-775\"\/><\/a><\/figure>\n<\/div>\n\n<div class=\"wp-block-image\">\n<figure class=\"aligncenter size-large\"><a href=\" morandi.com.br\/site\/index.php\/obras\/prefeitura-municipal-de-glorinha\/\"><img loading=\"lazy\" decoding=\"async\" width=\"110\" height=\"165\" data-id=\"769\" src=\"https:\/\/morandi.com.br\/site\/wp-content\/uploads\/2023\/12\/logo_prefeitura_municipal_de_glorinha_2.jpg\" alt=\"\" class=\"wp-image-769\"\/><\/a><\/figure>\n<\/div>\n\n<div class=\"wp-block-image\">\n<figure class=\"aligncenter size-large\"><a href=\" morandi.com.br\/site\/index.php\/obras\/prefeitura-municipal-de-gravatai\/\"><img loading=\"lazy\" decoding=\"async\" width=\"110\" height=\"165\" data-id=\"774\" src=\"https:\/\/morandi.com.br\/site\/wp-content\/uploads\/2023\/12\/logo_prefeitura_municipal_de_gravatai_2.jpg\" alt=\"\" class=\"wp-image-774\"\/><\/a><\/figure>\n<\/div>\n\n<div class=\"wp-block-image\">\n<figure class=\"aligncenter size-large\"><a href=\"morandi.com.br\/site\/index.php\/obras\/prefeitura-municipal-de-guaiba\/\"><img loading=\"lazy\" decoding=\"async\" width=\"110\" height=\"165\" data-id=\"773\" src=\"https:\/\/morandi.com.br\/site\/wp-content\/uploads\/2023\/12\/logo_prefeitura_municipal_de_guaiba.jpg\" alt=\"\" class=\"wp-image-773\"\/><\/a><\/figure>\n<\/div>\n\n<div class=\"wp-block-image\">\n<figure class=\"aligncenter size-large\"><a href=\" morandi.com.br\/site\/index.php\/obras\/prefeitura-munucipal-de-nova-hartz\/\"><img loading=\"lazy\" decoding=\"async\" width=\"110\" height=\"165\" data-id=\"771\" src=\"https:\/\/morandi.com.br\/site\/wp-content\/uploads\/2023\/12\/logo_prefeitura_municipal_de_nova_hartz-1.jpg\" alt=\"\" class=\"wp-image-771\"\/><\/a><\/figure>\n<\/div>\n\n<div class=\"wp-block-image\">\n<figure class=\"aligncenter size-large\"><a href=\" morandi.com.br\/site\/index.php\/obras\/prefeitura-municipal-de-porto-alegre\/\"><img loading=\"lazy\" decoding=\"async\" width=\"110\" height=\"165\" data-id=\"764\" src=\"https:\/\/morandi.com.br\/site\/wp-content\/uploads\/2023\/12\/logo_prefeitura_municipal_de_porto_alegre.jpg\" alt=\"\" class=\"wp-image-764\"\/><\/a><\/figure>\n<\/div>\n\n<div class=\"wp-block-image\">\n<figure class=\"aligncenter size-large\"><a href=\" morandi.com.br\/site\/index.php\/obras\/prefeitura-municipal-de-viamao\/\"><img loading=\"lazy\" decoding=\"async\" width=\"110\" height=\"165\" data-id=\"767\" src=\"https:\/\/morandi.com.br\/site\/wp-content\/uploads\/2023\/12\/logo_prefeitura_municipal_de_viamao.jpg\" alt=\"\" class=\"wp-image-767\"\/><\/a><\/figure>\n<\/div>\n\n<div class=\"wp-block-image\">\n<figure class=\"aligncenter size-large\"><a href=\" morandi.com.br\/site\/index.php\/obras\/corsan-companhia-riograndense-de-saneamento\/\"><img loading=\"lazy\" decoding=\"async\" width=\"110\" height=\"165\" data-id=\"765\" src=\"https:\/\/morandi.com.br\/site\/wp-content\/uploads\/2023\/12\/logo_corsan_companhia_riograndense_de_saneamento-2.jpg\" alt=\"\" class=\"wp-image-765\"\/><\/a><\/figure>\n<\/div><\/figure>\n<\/div><\/div>\n\n\n\n<p><\/p>\n\n\n\n<h2 class=\"wp-block-heading\">OBRAS DE MANUTEN\u00c7\u00c3O VI\u00c1RIA<\/h2>\n\n\n\n<p><strong>Vias Pavimentadas<\/strong>: Manuten\u00e7\u00e3o e restaura\u00e7\u00e3o de vias pavimentadas, com servi\u00e7os de restaura\u00e7\u00e3o de pista de rolamento (fresagem e recapeamentos asf\u00e1lticos), tapa-buraco, restaura\u00e7\u00e3o de pavimentos em pedra irregular e bloco de concreto intertravado.<\/p>\n\n\n\n<div class=\"wp-block-cover has-custom-content-position is-position-bottom-center\"><span aria-hidden=\"true\" class=\"wp-block-cover__background has-background-dim\"><\/span><img loading=\"lazy\" decoding=\"async\" width=\"341\" height=\"225\" class=\"wp-block-cover__image-background wp-image-267\" alt=\"\" src=\"https:\/\/morandi.com.br\/site\/wp-content\/uploads\/2023\/09\/portoalegre-pavimentacao-tapa-buraco-em-diversas-ruas-1.jpg\" data-object-fit=\"cover\" srcset=\"https:\/\/morandi.com.br\/site\/wp-content\/uploads\/2023\/09\/portoalegre-pavimentacao-tapa-buraco-em-diversas-ruas-1.jpg 341w, https:\/\/morandi.com.br\/site\/wp-content\/uploads\/2023\/09\/portoalegre-pavimentacao-tapa-buraco-em-diversas-ruas-1-300x198.jpg 300w\" sizes=\"auto, (max-width: 341px) 100vw, 341px\" \/><div class=\"wp-block-cover__inner-container is-layout-flow wp-block-cover-is-layout-flow\">\n<p class=\"has-text-align-left has-large-font-size\"><mark style=\"background-color:rgba(0, 0, 0, 0)\" class=\"has-inline-color has-white-color\">Prefeitura Porto Alegre\/RS<\/mark><\/p>\n<\/div><\/div>\n\n\n\n<p><strong>Vias N\u00e3o Pavimentadas:<\/strong>&nbsp;Manuten\u00e7\u00e3o de vias n\u00e3o pavimentadas, com os servi\u00e7os de regulariza\u00e7\u00e3o de subleito, revestimento prim\u00e1rio com saibro, cascalho e material britado.<br>Tamb\u00e9m executamos a recupera\u00e7\u00e3o de vias n\u00e3o pavimentadas com a utiliza\u00e7\u00e3o de estabilizante qu\u00edmico para solos CON-AID.<\/p>\n\n\n\n<div class=\"wp-block-cover is-light has-custom-content-position is-position-bottom-center\"><span aria-hidden=\"true\" class=\"wp-block-cover__background has-background-dim\"><\/span><img loading=\"lazy\" decoding=\"async\" width=\"427\" height=\"309\" class=\"wp-block-cover__image-background wp-image-264\" alt=\"\" src=\"https:\/\/morandi.com.br\/site\/wp-content\/uploads\/2023\/09\/obras-guaiba-01.jpg\" data-object-fit=\"cover\" srcset=\"https:\/\/morandi.com.br\/site\/wp-content\/uploads\/2023\/09\/obras-guaiba-01.jpg 427w, https:\/\/morandi.com.br\/site\/wp-content\/uploads\/2023\/09\/obras-guaiba-01-300x217.jpg 300w\" sizes=\"auto, (max-width: 427px) 100vw, 427px\" \/><div class=\"wp-block-cover__inner-container is-layout-flow wp-block-cover-is-layout-flow\">\n<p class=\"has-text-align-left has-white-color has-text-color has-large-font-size\"><mark style=\"background-color:rgba(0, 0, 0, 0)\" class=\"has-inline-color has-white-color\">Prefeitura de Gua\u00edba\/RS<\/mark><\/p>\n<\/div><\/div>\n\n\n\n<p><strong>Pavimenta\u00e7\u00e3o:<\/strong><\/p>\n\n\n\n<p>Pavimenta\u00e7\u00e3o em Concreto Betuminoso Usinado a Quente (CBUQ).<br>Pavimenta\u00e7\u00e3o em Bloco de Concreto Intertravado.<br>Pavimenta\u00e7\u00e3o em Pedra Irregular.<\/p>\n\n\n\n<div class=\"wp-block-cover is-light has-custom-content-position is-position-bottom-center\"><span aria-hidden=\"true\" class=\"wp-block-cover__background has-background-dim\"><\/span><img loading=\"lazy\" decoding=\"async\" width=\"1200\" height=\"1600\" class=\"wp-block-cover__image-background wp-image-328\" alt=\"\" src=\"https:\/\/morandi.com.br\/site\/wp-content\/uploads\/2023\/09\/viamao-bloco-de-concreto-rua-florida.jpg\" data-object-fit=\"cover\" srcset=\"https:\/\/morandi.com.br\/site\/wp-content\/uploads\/2023\/09\/viamao-bloco-de-concreto-rua-florida.jpg 1200w, https:\/\/morandi.com.br\/site\/wp-content\/uploads\/2023\/09\/viamao-bloco-de-concreto-rua-florida-225x300.jpg 225w, https:\/\/morandi.com.br\/site\/wp-content\/uploads\/2023\/09\/viamao-bloco-de-concreto-rua-florida-768x1024.jpg 768w, https:\/\/morandi.com.br\/site\/wp-content\/uploads\/2023\/09\/viamao-bloco-de-concreto-rua-florida-1152x1536.jpg 1152w\" sizes=\"auto, (max-width: 1200px) 100vw, 1200px\" \/><div class=\"wp-block-cover__inner-container is-layout-flow wp-block-cover-is-layout-flow\">\n<p class=\"has-text-align-left has-white-color has-text-color has-large-font-size\">Prefeitura de Viam\u00e3o\/RS<\/p>\n<\/div><\/div>\n","protected":false},"excerpt":{"rendered":"<p>MANUTEN\u00c7\u00c3O de vias e redes Clique nos logos abaixo e veja as obras realizadas em diversos Munic\u00edpios: OBRAS DE MANUTEN\u00c7\u00c3O VI\u00c1RIA Vias Pavimentadas: Manuten\u00e7\u00e3o e restaura\u00e7\u00e3o de vias pavimentadas, com servi\u00e7os de restaura\u00e7\u00e3o de pista de rolamento (fresagem e recapeamentos asf\u00e1lticos), tapa-buraco, restaura\u00e7\u00e3o de pavimentos em pedra irregular e bloco de concreto intertravado. Vias N\u00e3o [&hellip;]<\/p>\n","protected":false},"author":1,"featured_media":0,"parent":0,"menu_order":3,"comment_status":"closed","ping_status":"closed","template":"","meta":{"footnotes":""},"class_list":["post-257","page","type-page","status-publish","hentry"],"_links":{"self":[{"href":"https:\/\/morandi.com.br\/site\/index.php\/wp-json\/wp\/v2\/pages\/257","targetHints":{"allow":["GET"]}}],"collection":[{"href":"https:\/\/morandi.com.br\/site\/index.php\/wp-json\/wp\/v2\/pages"}],"about":[{"href":"https:\/\/morandi.com.br\/site\/index.php\/wp-json\/wp\/v2\/types\/page"}],"author":[{"embeddable":true,"href":"https:\/\/morandi.com.br\/site\/index.php\/wp-json\/wp\/v2\/users\/1"}],"replies":[{"embeddable":true,"href":"https:\/\/morandi.com.br\/site\/index.php\/wp-json\/wp\/v2\/comments?post=257"}],"version-history":[{"count":66,"href":"https:\/\/morandi.com.br\/site\/index.php\/wp-json\/wp\/v2\/pages\/257\/revisions"}],"predecessor-version":[{"id":793,"href":"https:\/\/morandi.com.br\/site\/index.php\/wp-json\/wp\/v2\/pages\/257\/revisions\/793"}],"wp:attachment":[{"href":"https:\/\/morandi.com.br\/site\/index.php\/wp-json\/wp\/v2\/media?parent=257"}],"curies":[{"name":"wp","href":"https:\/\/api.w.org\/{rel}","templated":true}]}}