{"id":119,"date":"2023-07-12T19:24:13","date_gmt":"2023-07-12T22:24:13","guid":{"rendered":"https:\/\/morandi.com.br\/site\/?page_id=119"},"modified":"2023-09-23T11:28:15","modified_gmt":"2023-09-23T14:28:15","slug":"servicos","status":"publish","type":"page","link":"https:\/\/morandi.com.br\/site\/index.php\/servicos\/","title":{"rendered":"Servi\u00e7os"},"content":{"rendered":"\n<h2 class=\"wp-block-heading\">OBRAS DE ENGENHARIA CIVIL<\/h2>\n\n\n\n<p><\/p>\n\n\n\n<p><strong>Terraplenagem:<\/strong> escava\u00e7\u00e3o e transporte de material de 1\u00aa, 2\u00aa e 3\u00aa categorias, incluindo utiliza\u00e7\u00e3o de explosivos.<\/p>\n\n\n\n<p><strong>Saneamento Ambiental:<\/strong> redes pluviais, redes cloacais, redes de \u00e1gua, esta\u00e7\u00e3o de tratamento de esgoto (ETE) e esta\u00e7\u00e3o de bombeamento de esgoto (EBE).<\/p>\n\n\n\n<p><strong>Pavimenta\u00e7\u00e3o:<\/strong> concreto betuminoso a quente (CBUQ), pr\u00e9-misturado \u00e0 frio (PMF), tratamento superficial (TSS, TSD e TST) e blocos de concreto intertravado (PAV\u2019S).<\/p>\n\n\n\n<p><strong>Constru\u00e7\u00f5es e Incorpora\u00e7\u00f5es:<\/strong> condom\u00ednios e loteamentos com infraestrutura completa (terraplenagem, rede pluvial, rede de distribui\u00e7\u00e3o de \u00e1gua, rede el\u00e9trica, rede de esgoto cloacal e esta\u00e7\u00e3o de tratamento).<\/p>\n\n\n\n<p><strong>Obras de arte em geral:<\/strong> pontes e pontilh\u00f5es de concreto armado, muros de arrimo, galerias, tubula\u00e7\u00f5es e alas de concreto.<\/p>\n\n\n\n<p><strong>Constru\u00e7\u00f5es de edifica\u00e7\u00f5es<\/strong>: Residenciais, comerciais e p\u00fablicas.<\/p>\n\n\n\n<p><\/p>\n\n\n\n<h2 class=\"wp-block-heading\">OBRAS DE MANUTEN\u00c7\u00c3O VI\u00c1RIA<\/h2>\n\n\n\n<p><\/p>\n\n\n\n<p style=\"font-size:18px\"><strong>Vias Pavimentadas<\/strong>: Manuten\u00e7\u00e3o e restaura\u00e7\u00e3o de vias pavimentadas, com servi\u00e7os de restaura\u00e7\u00e3o de pista de rolamento (fresagem e recapeamentos asf\u00e1lticos), tapa-buraco, restaura\u00e7\u00e3o de pavimentos em pedra irregular e bloco de concreto intertravado.<\/p>\n\n\n\n<figure class=\"wp-block-gallery has-nested-images columns-default is-cropped wp-block-gallery-1 is-layout-flex wp-block-gallery-is-layout-flex\">\n<figure class=\"wp-block-image size-full is-resized\"><img loading=\"lazy\" decoding=\"async\" data-id=\"258\" src=\"https:\/\/morandi.com.br\/site\/wp-content\/uploads\/2023\/09\/obras-pm-porto-alegre-pavimentacao-418x309-1.jpg\" alt=\"\" class=\"wp-image-258\" style=\"object-fit:cover;width:418px;height:309px\" width=\"418\" height=\"309\" srcset=\"https:\/\/morandi.com.br\/site\/wp-content\/uploads\/2023\/09\/obras-pm-porto-alegre-pavimentacao-418x309-1.jpg 418w, https:\/\/morandi.com.br\/site\/wp-content\/uploads\/2023\/09\/obras-pm-porto-alegre-pavimentacao-418x309-1-300x222.jpg 300w\" sizes=\"auto, (max-width: 418px) 100vw, 418px\" \/><\/figure>\n<\/figure>\n\n\n\n<p><\/p>\n\n\n\n<p style=\"font-size:18px\"><strong>Vias N\u00e3o Pavimentadas:<\/strong> Manuten\u00e7\u00e3o de vias n\u00e3o pavimentadas, com os servi\u00e7os de regulariza\u00e7\u00e3o de subleito, revestimento prim\u00e1rio com saibro, cascalho e material britado.<br>Tamb\u00e9m executamos a recupera\u00e7\u00e3o de vias n\u00e3o pavimentadas com a utiliza\u00e7\u00e3o de estabilizante qu\u00edmico para solos CON-AID.<\/p>\n\n\n\n<figure class=\"wp-block-image size-full is-resized\"><img loading=\"lazy\" decoding=\"async\" src=\"https:\/\/morandi.com.br\/site\/wp-content\/uploads\/2023\/09\/obras-guaiba-418x309-2.jpg\" alt=\"\" class=\"wp-image-283\" style=\"object-fit:cover;width:418px;height:309px\" width=\"418\" height=\"309\" srcset=\"https:\/\/morandi.com.br\/site\/wp-content\/uploads\/2023\/09\/obras-guaiba-418x309-2.jpg 418w, https:\/\/morandi.com.br\/site\/wp-content\/uploads\/2023\/09\/obras-guaiba-418x309-2-300x222.jpg 300w\" sizes=\"auto, (max-width: 418px) 100vw, 418px\" \/><\/figure>\n\n\n\n<p><\/p>\n\n\n\n<p style=\"font-size:18px\"><strong>Pavimenta\u00e7\u00e3o: <\/strong><\/p>\n\n\n\n<p style=\"font-size:18px\">Pavimenta\u00e7\u00e3o em Concreto Betuminoso Usinado a Quente (CBUQ).<br>Pavimenta\u00e7\u00e3o em Bloco de Concreto Intertravado.<br>Pavimenta\u00e7\u00e3o em Pedra Irregular.<\/p>\n\n\n\n<figure class=\"wp-block-gallery has-nested-images columns-default is-cropped wp-block-gallery-2 is-layout-flex wp-block-gallery-is-layout-flex\">\n<figure class=\"wp-block-image size-large\"><img loading=\"lazy\" decoding=\"async\" width=\"960\" height=\"626\" data-id=\"175\" src=\"https:\/\/morandi.com.br\/site\/wp-content\/uploads\/2023\/07\/obras-viamao-joao-viale-dias-02.jpg\" alt=\"\" class=\"wp-image-175\" srcset=\"https:\/\/morandi.com.br\/site\/wp-content\/uploads\/2023\/07\/obras-viamao-joao-viale-dias-02.jpg 960w, https:\/\/morandi.com.br\/site\/wp-content\/uploads\/2023\/07\/obras-viamao-joao-viale-dias-02-300x196.jpg 300w, https:\/\/morandi.com.br\/site\/wp-content\/uploads\/2023\/07\/obras-viamao-joao-viale-dias-02-768x501.jpg 768w\" sizes=\"auto, (max-width: 960px) 100vw, 960px\" \/><figcaption class=\"wp-element-caption\">Pavimenta\u00e7\u00e3o Asf\u00e1ltica<\/figcaption><\/figure>\n\n\n\n<figure class=\"wp-block-image size-large\"><img loading=\"lazy\" decoding=\"async\" width=\"768\" height=\"1024\" data-id=\"176\" src=\"https:\/\/morandi.com.br\/site\/wp-content\/uploads\/2023\/07\/RUA-FLORIDA-1-768x1024.jpg\" alt=\"\" class=\"wp-image-176\" srcset=\"https:\/\/morandi.com.br\/site\/wp-content\/uploads\/2023\/07\/RUA-FLORIDA-1-768x1024.jpg 768w, https:\/\/morandi.com.br\/site\/wp-content\/uploads\/2023\/07\/RUA-FLORIDA-1-225x300.jpg 225w, https:\/\/morandi.com.br\/site\/wp-content\/uploads\/2023\/07\/RUA-FLORIDA-1-1152x1536.jpg 1152w, https:\/\/morandi.com.br\/site\/wp-content\/uploads\/2023\/07\/RUA-FLORIDA-1.jpg 1200w\" sizes=\"auto, (max-width: 768px) 100vw, 768px\" \/><figcaption class=\"wp-element-caption\">Pavimenta\u00e7\u00e3o Blocos de Concreto<\/figcaption><\/figure>\n<\/figure>\n\n\n\n<p><\/p>\n\n\n\n<h2 class=\"wp-block-heading\">SANEAMENTO<\/h2>\n\n\n\n<p>Manuten\u00e7\u00e3o e execu\u00e7\u00e3o de redes de abastecimento de \u00e1gua, cloacal e pluvial.<br>Esta\u00e7\u00e3o de Bombeamento de Esgoto.<br>Esta\u00e7\u00e3o de Tratamento de Esgoto.<br>Execu\u00e7\u00e3o e opera\u00e7\u00e3o de aterros sanit\u00e1rios.<\/p>\n\n\n\n<figure class=\"wp-block-gallery has-nested-images columns-default is-cropped wp-block-gallery-3 is-layout-flex wp-block-gallery-is-layout-flex\">\n<figure class=\"wp-block-image size-large\"><img loading=\"lazy\" decoding=\"async\" width=\"493\" height=\"370\" data-id=\"136\" src=\"https:\/\/morandi.com.br\/site\/wp-content\/uploads\/2023\/07\/corsan-saneamento-01.jpg\" alt=\"\" class=\"wp-image-136\" srcset=\"https:\/\/morandi.com.br\/site\/wp-content\/uploads\/2023\/07\/corsan-saneamento-01.jpg 493w, https:\/\/morandi.com.br\/site\/wp-content\/uploads\/2023\/07\/corsan-saneamento-01-300x225.jpg 300w\" sizes=\"auto, (max-width: 493px) 100vw, 493px\" \/><figcaption class=\"wp-element-caption\">Corsan Gua\u00edba Saneamento <br>Esta\u00e7\u00e3o de Bombeament de Esgoto<\/figcaption><\/figure>\n\n\n\n<figure class=\"wp-block-image size-large\"><img loading=\"lazy\" decoding=\"async\" width=\"493\" height=\"370\" data-id=\"137\" src=\"https:\/\/morandi.com.br\/site\/wp-content\/uploads\/2023\/07\/corsan-saneamento-02.jpg\" alt=\"\" class=\"wp-image-137\" srcset=\"https:\/\/morandi.com.br\/site\/wp-content\/uploads\/2023\/07\/corsan-saneamento-02.jpg 493w, https:\/\/morandi.com.br\/site\/wp-content\/uploads\/2023\/07\/corsan-saneamento-02-300x225.jpg 300w\" sizes=\"auto, (max-width: 493px) 100vw, 493px\" \/><figcaption class=\"wp-element-caption\">Corsan Guai\u00edba Saneamento <br>Esta\u00e7\u00e3o de Bombeament de Esgoto<\/figcaption><\/figure>\n<\/figure>\n\n\n\n<p><\/p>\n\n\n\n<h2 class=\"wp-block-heading\">EXECU\u00c7\u00c3O E OPERA\u00c7\u00c3O DE ATERROS SANIT\u00c1RIOS, ATERROS INDUSTRIAIS E USINA DE RECICLAGEM<\/h2>\n\n\n\n<p><\/p>\n\n\n\n<figure class=\"wp-block-gallery has-nested-images columns-default is-cropped wp-block-gallery-4 is-layout-flex wp-block-gallery-is-layout-flex\">\n<figure class=\"wp-block-image size-large\"><img loading=\"lazy\" decoding=\"async\" width=\"297\" height=\"213\" data-id=\"533\" src=\"https:\/\/morandi.com.br\/site\/wp-content\/uploads\/2023\/09\/corsan-polo-de-triunfo-aterro-sanitario-2.jpg\" alt=\"\" class=\"wp-image-533\"\/><figcaption class=\"wp-element-caption\">Corsan Polo de Triunfo aterro sanit\u00e1rio<\/figcaption><\/figure>\n\n\n\n<figure class=\"wp-block-image size-large\"><img loading=\"lazy\" decoding=\"async\" width=\"297\" height=\"213\" data-id=\"534\" src=\"https:\/\/morandi.com.br\/site\/wp-content\/uploads\/2023\/09\/corsan-polo-de-triunfo-aterro-sanitario-3.jpg\" alt=\"\" class=\"wp-image-534\"\/><figcaption class=\"wp-element-caption\">Corsan Polo de Triunfo aterro sanit\u00e1rio<\/figcaption><\/figure>\n\n\n\n<figure class=\"wp-block-image size-large\"><img loading=\"lazy\" decoding=\"async\" width=\"297\" height=\"213\" data-id=\"532\" src=\"https:\/\/morandi.com.br\/site\/wp-content\/uploads\/2023\/09\/corsan-polo-de-triunfo-aterro-sanitario-1.jpg\" alt=\"\" class=\"wp-image-532\"\/><figcaption class=\"wp-element-caption\">Corsan Polo de Triunfo aterro sanit\u00e1rio<\/figcaption><\/figure>\n<\/figure>\n\n\n\n<p><\/p>\n\n\n\n<h2 class=\"wp-block-heading\">LOTEAMENTOS<\/h2>\n\n\n\n<p>Execu\u00e7\u00e3o de Terraplenagem, pavimenta\u00e7\u00e3o, redes de abastecimento de \u00e1gua, cloacal e pluvial.<\/p>\n\n\n\n<p><\/p>\n\n\n\n<figure class=\"wp-block-gallery has-nested-images columns-default is-cropped wp-block-gallery-5 is-layout-flex wp-block-gallery-is-layout-flex\">\n<figure class=\"wp-block-image size-large\"><img loading=\"lazy\" decoding=\"async\" width=\"436\" height=\"211\" data-id=\"536\" src=\"https:\/\/morandi.com.br\/site\/wp-content\/uploads\/2023\/09\/cachoeirinha-loteamento-chico-mendes-1.jpg\" alt=\"\" class=\"wp-image-536\" srcset=\"https:\/\/morandi.com.br\/site\/wp-content\/uploads\/2023\/09\/cachoeirinha-loteamento-chico-mendes-1.jpg 436w, https:\/\/morandi.com.br\/site\/wp-content\/uploads\/2023\/09\/cachoeirinha-loteamento-chico-mendes-1-300x145.jpg 300w\" sizes=\"auto, (max-width: 436px) 100vw, 436px\" \/><figcaption class=\"wp-element-caption\">Cachoeirinha-<br>Loteamento Chico Mendes<\/figcaption><\/figure>\n\n\n\n<figure class=\"wp-block-image size-large\"><img loading=\"lazy\" decoding=\"async\" width=\"436\" height=\"211\" data-id=\"537\" src=\"https:\/\/morandi.com.br\/site\/wp-content\/uploads\/2023\/09\/viamao-loteamento-vila-augusta-meneguine-1.jpg\" alt=\"\" class=\"wp-image-537\" srcset=\"https:\/\/morandi.com.br\/site\/wp-content\/uploads\/2023\/09\/viamao-loteamento-vila-augusta-meneguine-1.jpg 436w, https:\/\/morandi.com.br\/site\/wp-content\/uploads\/2023\/09\/viamao-loteamento-vila-augusta-meneguine-1-300x145.jpg 300w\" sizes=\"auto, (max-width: 436px) 100vw, 436px\" \/><figcaption class=\"wp-element-caption\">Viam\u00e3o <br>Loteamento Vila Augusta Meneguine<\/figcaption><\/figure>\n\n\n\n<figure class=\"wp-block-image size-large\"><img loading=\"lazy\" decoding=\"async\" width=\"436\" height=\"211\" data-id=\"535\" src=\"https:\/\/morandi.com.br\/site\/wp-content\/uploads\/2023\/09\/alvorada-loteamento-colinas-do-pradinho-1.jpg\" alt=\"\" class=\"wp-image-535\" srcset=\"https:\/\/morandi.com.br\/site\/wp-content\/uploads\/2023\/09\/alvorada-loteamento-colinas-do-pradinho-1.jpg 436w, https:\/\/morandi.com.br\/site\/wp-content\/uploads\/2023\/09\/alvorada-loteamento-colinas-do-pradinho-1-300x145.jpg 300w\" sizes=\"auto, (max-width: 436px) 100vw, 436px\" \/><figcaption class=\"wp-element-caption\">Alvorada <br>Loteamento Colinas do Pradinho <\/figcaption><\/figure>\n<\/figure>\n\n\n\n<p><\/p>\n","protected":false},"excerpt":{"rendered":"<p>OBRAS DE ENGENHARIA CIVIL Terraplenagem: escava\u00e7\u00e3o e transporte de material de 1\u00aa, 2\u00aa e 3\u00aa categorias, incluindo utiliza\u00e7\u00e3o de explosivos. Saneamento Ambiental: redes pluviais, redes cloacais, redes de \u00e1gua, esta\u00e7\u00e3o de tratamento de esgoto (ETE) e esta\u00e7\u00e3o de bombeamento de esgoto (EBE). Pavimenta\u00e7\u00e3o: concreto betuminoso a quente (CBUQ), pr\u00e9-misturado \u00e0 frio (PMF), tratamento superficial (TSS, [&hellip;]<\/p>\n","protected":false},"author":1,"featured_media":0,"parent":0,"menu_order":4,"comment_status":"closed","ping_status":"closed","template":"","meta":{"footnotes":""},"class_list":["post-119","page","type-page","status-publish","hentry"],"_links":{"self":[{"href":"https:\/\/morandi.com.br\/site\/index.php\/wp-json\/wp\/v2\/pages\/119","targetHints":{"allow":["GET"]}}],"collection":[{"href":"https:\/\/morandi.com.br\/site\/index.php\/wp-json\/wp\/v2\/pages"}],"about":[{"href":"https:\/\/morandi.com.br\/site\/index.php\/wp-json\/wp\/v2\/types\/page"}],"author":[{"embeddable":true,"href":"https:\/\/morandi.com.br\/site\/index.php\/wp-json\/wp\/v2\/users\/1"}],"replies":[{"embeddable":true,"href":"https:\/\/morandi.com.br\/site\/index.php\/wp-json\/wp\/v2\/comments?post=119"}],"version-history":[{"count":29,"href":"https:\/\/morandi.com.br\/site\/index.php\/wp-json\/wp\/v2\/pages\/119\/revisions"}],"predecessor-version":[{"id":540,"href":"https:\/\/morandi.com.br\/site\/index.php\/wp-json\/wp\/v2\/pages\/119\/revisions\/540"}],"wp:attachment":[{"href":"https:\/\/morandi.com.br\/site\/index.php\/wp-json\/wp\/v2\/media?parent=119"}],"curies":[{"name":"wp","href":"https:\/\/api.w.org\/{rel}","templated":true}]}}